{"id":13364,"date":"2026-02-08T01:52:23","date_gmt":"2026-02-08T01:52:23","guid":{"rendered":"https:\/\/shopuniquely.shop\/?post_type=product&#038;p=13364"},"modified":"2026-02-08T01:56:36","modified_gmt":"2026-02-08T01:56:36","slug":"2-x-zumi-gominolas-de-vinagre-de-manzana-con-vitamina-b9-b1-total-120-veganas-sin-gluten-naturales-600mg-por-porcion-rico-en-acido-folico-y-vitamina-b12","status":"publish","type":"product","link":"https:\/\/shopuniquely.shop\/es\/producto\/2-x-zumi-gominolas-de-vinagre-de-manzana-con-vitamina-b9-b1-total-120-veganas-sin-gluten-naturales-600mg-por-porcion-rico-en-acido-folico-y-vitamina-b12\/","title":{"rendered":"2 x Z\u00fcmi Gominolas de Vinagre de Manzana con Vitamina B9 &amp; B1 total 120 Veganas Sin Gluten Naturales 600mg por Porci\u00f3n Rico en \u00c1cido F\u00f3lico y Vitamina B12"},"content":{"rendered":"<div data-elementor-type=\"product-post\" data-elementor-id=\"13364\" class=\"elementor elementor-13364\" data-elementor-post-type=\"product\">\n\t\t\t\t<div class=\"elementor-element elementor-element-3b31fff e-flex e-con-boxed e-con e-parent\" data-id=\"3b31fff\" data-element_type=\"container\" data-settings=\"{&quot;ekit_has_onepagescroll_dot&quot;:&quot;yes&quot;}\">\n\t\t\t\t\t<div class=\"e-con-inner\">\n\t\t\t\t<div class=\"elementor-element elementor-element-4debf526 elementor-widget elementor-widget-image\" data-id=\"4debf526\" data-element_type=\"widget\" data-settings=\"{&quot;ekit_we_effect_on&quot;:&quot;none&quot;}\" data-widget_type=\"image.default\">\n\t\t\t\t<div class=\"elementor-widget-container\">\n\t\t\t\t\t\t\t\t\t\t\t\t\t\t\t<img loading=\"lazy\" decoding=\"async\" width=\"1600\" height=\"1600\" src=\"https:\/\/shopuniquely.shop\/wp-content\/uploads\/2026\/02\/1-24.jpg\" class=\"attachment-full size-full wp-image-13371 wvs-archive-product-image\" alt=\"\" srcset=\"https:\/\/shopuniquely.shop\/wp-content\/uploads\/2026\/02\/1-24.jpg 1600w, https:\/\/shopuniquely.shop\/wp-content\/uploads\/2026\/02\/1-24-300x300.jpg 300w, https:\/\/shopuniquely.shop\/wp-content\/uploads\/2026\/02\/1-24-1024x1024.jpg 1024w, https:\/\/shopuniquely.shop\/wp-content\/uploads\/2026\/02\/1-24-150x150.jpg 150w, https:\/\/shopuniquely.shop\/wp-content\/uploads\/2026\/02\/1-24-768x768.jpg 768w, https:\/\/shopuniquely.shop\/wp-content\/uploads\/2026\/02\/1-24-1536x1536.jpg 1536w, https:\/\/shopuniquely.shop\/wp-content\/uploads\/2026\/02\/1-24-12x12.jpg 12w, https:\/\/shopuniquely.shop\/wp-content\/uploads\/2026\/02\/1-24-600x600.jpg 600w, https:\/\/shopuniquely.shop\/wp-content\/uploads\/2026\/02\/1-24-100x100.jpg 100w, https:\/\/shopuniquely.shop\/wp-content\/uploads\/2026\/02\/1-24-50x50.jpg 50w, https:\/\/shopuniquely.shop\/wp-content\/uploads\/2026\/02\/1-24-1x1.jpg 1w, https:\/\/shopuniquely.shop\/wp-content\/uploads\/2026\/02\/1-24-10x10.jpg 10w\" sizes=\"auto, (max-width: 1600px) 100vw, 1600px\" \/>\t\t\t\t\t\t\t\t\t\t\t\t\t\t\t<\/div>\n\t\t\t\t<\/div>\n\t\t\t\t<div class=\"elementor-element elementor-element-5ddd0771 elementor-widget elementor-widget-image\" data-id=\"5ddd0771\" data-element_type=\"widget\" data-settings=\"{&quot;ekit_we_effect_on&quot;:&quot;none&quot;}\" data-widget_type=\"image.default\">\n\t\t\t\t<div class=\"elementor-widget-container\">\n\t\t\t\t\t\t\t\t\t\t\t\t\t\t\t<img loading=\"lazy\" decoding=\"async\" width=\"1600\" height=\"1600\" src=\"https:\/\/shopuniquely.shop\/wp-content\/uploads\/2026\/02\/2-14.jpg\" class=\"attachment-full size-full wp-image-13372 wvs-archive-product-image\" alt=\"\" srcset=\"https:\/\/shopuniquely.shop\/wp-content\/uploads\/2026\/02\/2-14.jpg 1600w, https:\/\/shopuniquely.shop\/wp-content\/uploads\/2026\/02\/2-14-300x300.jpg 300w, https:\/\/shopuniquely.shop\/wp-content\/uploads\/2026\/02\/2-14-1024x1024.jpg 1024w, https:\/\/shopuniquely.shop\/wp-content\/uploads\/2026\/02\/2-14-150x150.jpg 150w, https:\/\/shopuniquely.shop\/wp-content\/uploads\/2026\/02\/2-14-768x768.jpg 768w, https:\/\/shopuniquely.shop\/wp-content\/uploads\/2026\/02\/2-14-1536x1536.jpg 1536w, https:\/\/shopuniquely.shop\/wp-content\/uploads\/2026\/02\/2-14-12x12.jpg 12w, https:\/\/shopuniquely.shop\/wp-content\/uploads\/2026\/02\/2-14-600x600.jpg 600w, https:\/\/shopuniquely.shop\/wp-content\/uploads\/2026\/02\/2-14-100x100.jpg 100w, https:\/\/shopuniquely.shop\/wp-content\/uploads\/2026\/02\/2-14-50x50.jpg 50w, https:\/\/shopuniquely.shop\/wp-content\/uploads\/2026\/02\/2-14-1x1.jpg 1w, https:\/\/shopuniquely.shop\/wp-content\/uploads\/2026\/02\/2-14-10x10.jpg 10w\" sizes=\"auto, (max-width: 1600px) 100vw, 1600px\" \/>\t\t\t\t\t\t\t\t\t\t\t\t\t\t\t<\/div>\n\t\t\t\t<\/div>\n\t\t\t\t<div class=\"elementor-element elementor-element-4906bf22 elementor-widget elementor-widget-image\" data-id=\"4906bf22\" data-element_type=\"widget\" data-settings=\"{&quot;ekit_we_effect_on&quot;:&quot;none&quot;}\" data-widget_type=\"image.default\">\n\t\t\t\t<div class=\"elementor-widget-container\">\n\t\t\t\t\t\t\t\t\t\t\t\t\t\t\t<img loading=\"lazy\" decoding=\"async\" width=\"1600\" height=\"1600\" src=\"https:\/\/shopuniquely.shop\/wp-content\/uploads\/2026\/02\/3-17.jpg\" class=\"attachment-full size-full wp-image-13373 wvs-archive-product-image\" alt=\"\" srcset=\"https:\/\/shopuniquely.shop\/wp-content\/uploads\/2026\/02\/3-17.jpg 1600w, https:\/\/shopuniquely.shop\/wp-content\/uploads\/2026\/02\/3-17-300x300.jpg 300w, https:\/\/shopuniquely.shop\/wp-content\/uploads\/2026\/02\/3-17-1024x1024.jpg 1024w, https:\/\/shopuniquely.shop\/wp-content\/uploads\/2026\/02\/3-17-150x150.jpg 150w, https:\/\/shopuniquely.shop\/wp-content\/uploads\/2026\/02\/3-17-768x768.jpg 768w, https:\/\/shopuniquely.shop\/wp-content\/uploads\/2026\/02\/3-17-1536x1536.jpg 1536w, https:\/\/shopuniquely.shop\/wp-content\/uploads\/2026\/02\/3-17-12x12.jpg 12w, https:\/\/shopuniquely.shop\/wp-content\/uploads\/2026\/02\/3-17-600x600.jpg 600w, https:\/\/shopuniquely.shop\/wp-content\/uploads\/2026\/02\/3-17-100x100.jpg 100w, https:\/\/shopuniquely.shop\/wp-content\/uploads\/2026\/02\/3-17-50x50.jpg 50w, https:\/\/shopuniquely.shop\/wp-content\/uploads\/2026\/02\/3-17-1x1.jpg 1w, https:\/\/shopuniquely.shop\/wp-content\/uploads\/2026\/02\/3-17-10x10.jpg 10w\" sizes=\"auto, (max-width: 1600px) 100vw, 1600px\" \/>\t\t\t\t\t\t\t\t\t\t\t\t\t\t\t<\/div>\n\t\t\t\t<\/div>\n\t\t\t\t<div class=\"elementor-element elementor-element-2f7cce0d elementor-widget elementor-widget-image\" data-id=\"2f7cce0d\" data-element_type=\"widget\" data-settings=\"{&quot;ekit_we_effect_on&quot;:&quot;none&quot;}\" data-widget_type=\"image.default\">\n\t\t\t\t<div class=\"elementor-widget-container\">\n\t\t\t\t\t\t\t\t\t\t\t\t\t\t\t<img loading=\"lazy\" decoding=\"async\" width=\"1600\" height=\"1600\" src=\"https:\/\/shopuniquely.shop\/wp-content\/uploads\/2026\/02\/4-12.jpg\" class=\"attachment-full size-full wp-image-13374 wvs-archive-product-image\" alt=\"\" srcset=\"https:\/\/shopuniquely.shop\/wp-content\/uploads\/2026\/02\/4-12.jpg 1600w, https:\/\/shopuniquely.shop\/wp-content\/uploads\/2026\/02\/4-12-300x300.jpg 300w, https:\/\/shopuniquely.shop\/wp-content\/uploads\/2026\/02\/4-12-1024x1024.jpg 1024w, https:\/\/shopuniquely.shop\/wp-content\/uploads\/2026\/02\/4-12-150x150.jpg 150w, https:\/\/shopuniquely.shop\/wp-content\/uploads\/2026\/02\/4-12-768x768.jpg 768w, https:\/\/shopuniquely.shop\/wp-content\/uploads\/2026\/02\/4-12-1536x1536.jpg 1536w, https:\/\/shopuniquely.shop\/wp-content\/uploads\/2026\/02\/4-12-12x12.jpg 12w, https:\/\/shopuniquely.shop\/wp-content\/uploads\/2026\/02\/4-12-600x600.jpg 600w, https:\/\/shopuniquely.shop\/wp-content\/uploads\/2026\/02\/4-12-100x100.jpg 100w, https:\/\/shopuniquely.shop\/wp-content\/uploads\/2026\/02\/4-12-50x50.jpg 50w, https:\/\/shopuniquely.shop\/wp-content\/uploads\/2026\/02\/4-12-1x1.jpg 1w, https:\/\/shopuniquely.shop\/wp-content\/uploads\/2026\/02\/4-12-10x10.jpg 10w\" sizes=\"auto, (max-width: 1600px) 100vw, 1600px\" \/>\t\t\t\t\t\t\t\t\t\t\t\t\t\t\t<\/div>\n\t\t\t\t<\/div>\n\t\t\t\t<div class=\"elementor-element elementor-element-17ce50b4 elementor-widget elementor-widget-image\" data-id=\"17ce50b4\" data-element_type=\"widget\" data-settings=\"{&quot;ekit_we_effect_on&quot;:&quot;none&quot;}\" data-widget_type=\"image.default\">\n\t\t\t\t<div class=\"elementor-widget-container\">\n\t\t\t\t\t\t\t\t\t\t\t\t\t\t\t<img loading=\"lazy\" decoding=\"async\" width=\"1600\" height=\"1600\" src=\"https:\/\/shopuniquely.shop\/wp-content\/uploads\/2026\/02\/5-9.jpg\" class=\"attachment-full size-full wp-image-13375 wvs-archive-product-image\" alt=\"\" srcset=\"https:\/\/shopuniquely.shop\/wp-content\/uploads\/2026\/02\/5-9.jpg 1600w, https:\/\/shopuniquely.shop\/wp-content\/uploads\/2026\/02\/5-9-300x300.jpg 300w, https:\/\/shopuniquely.shop\/wp-content\/uploads\/2026\/02\/5-9-1024x1024.jpg 1024w, https:\/\/shopuniquely.shop\/wp-content\/uploads\/2026\/02\/5-9-150x150.jpg 150w, https:\/\/shopuniquely.shop\/wp-content\/uploads\/2026\/02\/5-9-768x768.jpg 768w, https:\/\/shopuniquely.shop\/wp-content\/uploads\/2026\/02\/5-9-1536x1536.jpg 1536w, https:\/\/shopuniquely.shop\/wp-content\/uploads\/2026\/02\/5-9-12x12.jpg 12w, https:\/\/shopuniquely.shop\/wp-content\/uploads\/2026\/02\/5-9-600x600.jpg 600w, https:\/\/shopuniquely.shop\/wp-content\/uploads\/2026\/02\/5-9-100x100.jpg 100w, https:\/\/shopuniquely.shop\/wp-content\/uploads\/2026\/02\/5-9-50x50.jpg 50w, https:\/\/shopuniquely.shop\/wp-content\/uploads\/2026\/02\/5-9-1x1.jpg 1w, https:\/\/shopuniquely.shop\/wp-content\/uploads\/2026\/02\/5-9-10x10.jpg 10w\" sizes=\"auto, (max-width: 1600px) 100vw, 1600px\" \/>\t\t\t\t\t\t\t\t\t\t\t\t\t\t\t<\/div>\n\t\t\t\t<\/div>\n\t\t\t\t<div class=\"elementor-element elementor-element-56f2a0fa elementor-widget elementor-widget-image\" data-id=\"56f2a0fa\" data-element_type=\"widget\" data-settings=\"{&quot;ekit_we_effect_on&quot;:&quot;none&quot;}\" data-widget_type=\"image.default\">\n\t\t\t\t<div class=\"elementor-widget-container\">\n\t\t\t\t\t\t\t\t\t\t\t\t\t\t\t<img loading=\"lazy\" decoding=\"async\" width=\"1600\" height=\"1600\" src=\"https:\/\/shopuniquely.shop\/wp-content\/uploads\/2026\/02\/6-5.jpg\" class=\"attachment-full size-full wp-image-13376 wvs-archive-product-image\" alt=\"\" srcset=\"https:\/\/shopuniquely.shop\/wp-content\/uploads\/2026\/02\/6-5.jpg 1600w, https:\/\/shopuniquely.shop\/wp-content\/uploads\/2026\/02\/6-5-300x300.jpg 300w, https:\/\/shopuniquely.shop\/wp-content\/uploads\/2026\/02\/6-5-1024x1024.jpg 1024w, https:\/\/shopuniquely.shop\/wp-content\/uploads\/2026\/02\/6-5-150x150.jpg 150w, https:\/\/shopuniquely.shop\/wp-content\/uploads\/2026\/02\/6-5-768x768.jpg 768w, https:\/\/shopuniquely.shop\/wp-content\/uploads\/2026\/02\/6-5-1536x1536.jpg 1536w, https:\/\/shopuniquely.shop\/wp-content\/uploads\/2026\/02\/6-5-12x12.jpg 12w, https:\/\/shopuniquely.shop\/wp-content\/uploads\/2026\/02\/6-5-600x600.jpg 600w, https:\/\/shopuniquely.shop\/wp-content\/uploads\/2026\/02\/6-5-100x100.jpg 100w, https:\/\/shopuniquely.shop\/wp-content\/uploads\/2026\/02\/6-5-50x50.jpg 50w, https:\/\/shopuniquely.shop\/wp-content\/uploads\/2026\/02\/6-5-1x1.jpg 1w, https:\/\/shopuniquely.shop\/wp-content\/uploads\/2026\/02\/6-5-10x10.jpg 10w\" sizes=\"auto, (max-width: 1600px) 100vw, 1600px\" \/>\t\t\t\t\t\t\t\t\t\t\t\t\t\t\t<\/div>\n\t\t\t\t<\/div>\n\t\t\t\t<div class=\"elementor-element elementor-element-7231beaf elementor-widget elementor-widget-text-editor\" data-id=\"7231beaf\" data-element_type=\"widget\" data-settings=\"{&quot;ekit_we_effect_on&quot;:&quot;none&quot;}\" data-widget_type=\"text-editor.default\">\n\t\t\t\t<div class=\"elementor-widget-container\">\n\t\t\t\t\t\t\t\t\t<!DOCTYPE html>\n<html>\n<head>\n    <meta charset=\"UTF-8\">\n    <meta name=\"viewport\" content=\"width=device-width, initial-scale=1.0\">\n    <style>\n        \/* \u89c4\u683c\u8868\u683c\u6838\u5fc3\u6837\u5f0f *\/\n        .spec-table {\n            width: 100%; \/* \u5360\u6ee1\u7236\u5bb9\u5668\uff0c\u53ef\u6539\u56fa\u5b9a\u503c\u5982450px *\/\n            border-collapse: collapse; \/* \u5173\u952e\uff1a\u8ba9\u4e0b\u5212\u7ebf\u65e0\u7f1d\u8d2f\u7a7f\u6574\u884c *\/\n            font-family: Arial, sans-serif;\n            font-size: 14px;\n        }\n        \/* \u6bcf\u884c\u5e95\u90e8\u4e0b\u5212\u7ebf\uff0c\u8d2f\u7a7f\u5de6\u53f3\u5217 *\/\n        .spec-table tr {\n            border-bottom: 1px solid #000;\n        }\n        \/* \u5355\u5143\u683c\u6837\u5f0f\uff1a\u5de6\u5bf9\u9f50\u3001\u7d27\u51d1\u95f4\u8ddd\u3001\u5782\u76f4\u5c45\u4e2d *\/\n        .spec-table td {\n            padding: 6px 0; \/* \u4e0a\u4e0b\u95f4\u8ddd\uff0c\u5de6\u53f3\u65e0\u5185\u8fb9\u8ddd\u4fdd\u8bc1\u4e25\u683c\u9760\u5de6 *\/\n            text-align: left;\n            vertical-align: middle;\n            border: 0; \/* \u6e05\u9664\u5355\u5143\u683c\u9ed8\u8ba4\u8fb9\u6846\uff0c\u907f\u514d\u4e0b\u5212\u7ebf\u65ad\u88c2 *\/\n        }\n        \/* \u5de6\u5217\uff1a\u5c5e\u6027\u540d\u52a0\u7c97\uff0c\u5360\u6bd450%\uff0c\u4e24\u5217\u7b49\u5206 *\/\n        .spec-table td:first-child {\n            font-weight: bold;\n            width: 50%;\n        }\n        \/* None\u503c\u6837\u5f0f\uff1a\u7070\u8272\u659c\u4f53\uff0c\u548c\u4f60\u4e4b\u524d\u7684\u6837\u5f0f\u4fdd\u6301\u4e00\u81f4 *\/\n        .none-value {\n            color: #666;\n            font-style: italic;\n        }\n    <\/style>\n<\/head>\n<body>\n    <table class=\"spec-table\">\n        <tr>\n            <td>Especificaciones<\/td>\n            <td><\/td> <!-- \u6807\u9898\u884c\u53f3\u4fa7\u7559\u7a7a\uff0c\u4fdd\u6301\u4e24\u5217\u7ed3\u6784 -->\n        <\/tr>\n        <tr>\n            <td>Sustancias qu\u00edmicas muy preocupantes<\/td>\n            <td class=\"none-value\">Ninguno<\/td>\n        <\/tr>\n        <tr>\n            <td>Fuente de energ\u00eda<\/td>\n            <td class=\"none-value\">Ninguno<\/td>\n        <\/tr>\n        <tr>\n            <td>Origen<\/td>\n            <td>Otros pa\u00edses<\/td>\n        <\/tr>\n        <tr>\n            <td>N\u00famero de piezas<\/td>\n            <td>Una unidad<\/td>\n        <\/tr>\n    <\/table>\n<\/body>\n<\/html>\t\t\t\t\t\t\t\t<\/div>\n\t\t\t\t<\/div>\n\t\t\t\t\t<\/div>\n\t\t\t\t<\/div>\n\t\t\t\t<\/div>","protected":false},"excerpt":{"rendered":"<p>Especificaciones Sustancia qu\u00edmica de alto riesgo Ninguna Fuente de alimentaci\u00f3n Ninguna Origen Otros pa\u00edses N\u00famero de piezas Una unidad<\/p>","protected":false},"featured_media":13365,"comment_status":"open","ping_status":"closed","template":"","meta":{"_acf_changed":false},"etheme_brands":[],"product_brand":[],"product_cat":[118],"product_tag":[],"class_list":{"0":"post-13364","1":"product","2":"type-product","3":"status-publish","4":"has-post-thumbnail","6":"product_cat-sale-shop","8":"first","9":"instock","10":"sale","11":"shipping-taxable","12":"purchasable","13":"product-type-simple"},"acf":[],"_links":{"self":[{"href":"https:\/\/shopuniquely.shop\/es\/wp-json\/wp\/v2\/product\/13364","targetHints":{"allow":["GET"]}}],"collection":[{"href":"https:\/\/shopuniquely.shop\/es\/wp-json\/wp\/v2\/product"}],"about":[{"href":"https:\/\/shopuniquely.shop\/es\/wp-json\/wp\/v2\/types\/product"}],"replies":[{"embeddable":true,"href":"https:\/\/shopuniquely.shop\/es\/wp-json\/wp\/v2\/comments?post=13364"}],"version-history":[{"count":4,"href":"https:\/\/shopuniquely.shop\/es\/wp-json\/wp\/v2\/product\/13364\/revisions"}],"predecessor-version":[{"id":13384,"href":"https:\/\/shopuniquely.shop\/es\/wp-json\/wp\/v2\/product\/13364\/revisions\/13384"}],"wp:featuredmedia":[{"embeddable":true,"href":"https:\/\/shopuniquely.shop\/es\/wp-json\/wp\/v2\/media\/13365"}],"wp:attachment":[{"href":"https:\/\/shopuniquely.shop\/es\/wp-json\/wp\/v2\/media?parent=13364"}],"wp:term":[{"taxonomy":"brand","embeddable":true,"href":"https:\/\/shopuniquely.shop\/es\/wp-json\/wp\/v2\/etheme_brands?post=13364"},{"taxonomy":"product_brand","embeddable":true,"href":"https:\/\/shopuniquely.shop\/es\/wp-json\/wp\/v2\/product_brand?post=13364"},{"taxonomy":"product_cat","embeddable":true,"href":"https:\/\/shopuniquely.shop\/es\/wp-json\/wp\/v2\/product_cat?post=13364"},{"taxonomy":"product_tag","embeddable":true,"href":"https:\/\/shopuniquely.shop\/es\/wp-json\/wp\/v2\/product_tag?post=13364"}],"curies":[{"name":"wp","href":"https:\/\/api.w.org\/{rel}","templated":true}]}}