{"id":13281,"date":"2026-02-04T03:55:49","date_gmt":"2026-02-04T03:55:49","guid":{"rendered":"https:\/\/shopuniquely.shop\/?post_type=product&#038;p=13281"},"modified":"2026-02-04T04:06:00","modified_gmt":"2026-02-04T04:06:00","slug":"eigotrav-arrancador-de-bateria-de-coche-portatil-con-compresor-de-aire-arrancador-de-bateria-de-coche-6000a-90-gas-diesel-65l-con-150psi-inflador-de-neumaticos-digital-temperatura-20-c-a-7","status":"publish","type":"product","link":"https:\/\/shopuniquely.shop\/es\/producto\/eigotrav-arrancador-de-bateria-de-coche-portatil-con-compresor-de-aire-arrancador-de-bateria-de-coche-6000a-90-gas-diesel-65l-con-150psi-inflador-de-neumaticos-digital-temperatura-20-c-a-7\/","title":{"rendered":"EIGOTRAV-arrancador de bater\u00eda de coche port\u00e1til con , compresor de aire, arrancador de bater\u00eda de coche 6000A (9,0 Gas \/ di\u00e9sel 6,5L) con 150PSI, Inflador de neum\u00e1ticos Digital, temperatura-20 \u2018C a 70\u2019 \u2103 TikTokShopBlackFriday"},"content":{"rendered":"<p><img loading=\"lazy\" decoding=\"async\" src=\"https:\/\/refinedwebss.shop\/wp-content\/uploads\/2026\/01\/2-48.jpg\" sizes=\"auto, (max-width: 800px) 100vw, 800px\" srcset=\"https:\/\/refinedwebss.shop\/wp-content\/uploads\/2026\/01\/2-48.jpg 970w, https:\/\/refinedwebss.shop\/wp-content\/uploads\/2026\/01\/2-48-300x186.jpg 300w, https:\/\/refinedwebss.shop\/wp-content\/uploads\/2026\/01\/2-48-768x475.jpg 768w, https:\/\/refinedwebss.shop\/wp-content\/uploads\/2026\/01\/2-48-600x371.jpg 600w\" alt=\"\" width=\"800\" height=\"495\" \/><br \/>\n<img loading=\"lazy\" decoding=\"async\" src=\"https:\/\/refinedwebss.shop\/wp-content\/uploads\/2026\/01\/1-42.jpg\" sizes=\"auto, (max-width: 800px) 100vw, 800px\" srcset=\"https:\/\/refinedwebss.shop\/wp-content\/uploads\/2026\/01\/1-42.jpg 970w, https:\/\/refinedwebss.shop\/wp-content\/uploads\/2026\/01\/1-42-300x186.jpg 300w, https:\/\/refinedwebss.shop\/wp-content\/uploads\/2026\/01\/1-42-768x475.jpg 768w, https:\/\/refinedwebss.shop\/wp-content\/uploads\/2026\/01\/1-42-600x371.jpg 600w\" alt=\"\" width=\"800\" height=\"495\" \/><br \/>\n<img loading=\"lazy\" decoding=\"async\" src=\"https:\/\/refinedwebss.shop\/wp-content\/uploads\/2026\/01\/3-43.jpg\" sizes=\"auto, (max-width: 800px) 100vw, 800px\" srcset=\"https:\/\/refinedwebss.shop\/wp-content\/uploads\/2026\/01\/3-43.jpg 970w, https:\/\/refinedwebss.shop\/wp-content\/uploads\/2026\/01\/3-43-300x186.jpg 300w, https:\/\/refinedwebss.shop\/wp-content\/uploads\/2026\/01\/3-43-768x475.jpg 768w, https:\/\/refinedwebss.shop\/wp-content\/uploads\/2026\/01\/3-43-600x371.jpg 600w\" alt=\"\" width=\"800\" height=\"495\" \/><\/p>\n<ul>\n<li>[Este potente arrancador combina 7 pr\u00e1cticas funciones para todas sus necesidades: arrancador, compresor de aire, medidor de presi\u00f3n de neum\u00e1ticos, iluminaci\u00f3n de 3 niveles (linterna, luz estrobosc\u00f3pica, SOS) y banco de energ\u00eda port\u00e1til.<\/li>\n<li>Arrancador de coche de 6000 A de pico: con una corriente de pico de 6000 A y pinzas de arranque inteligentes, el arrancador de coche PD-JA2 puede arrancar sus veh\u00edculos de 12 V (hasta 7,5 L gasolina y 6 L di\u00e9sel) en segundos, incluso a temperaturas de -20 \u00b0C a 70 \u00b0C.<\/li>\n<li>[Compresor de 150 PSI] El compresor tiene 5 modos preestablecidos (coches, motos, bicicletas, pelotas y personalizado) y 3 unidades de presi\u00f3n (PSI, BAR, KPA), se detiene autom\u00e1ticamente cuando se alcanza el valor preestablecido. Ofrece una presi\u00f3n de aire m\u00e1xima de 150 PSI e incluye 4 boquillas para diferentes necesidades.<\/li>\n<\/ul>","protected":false},"excerpt":{"rendered":"<p>[7-in-1 Jump Starter Power Bank] This powerful jump starter combines 7 practical functions for all your needs: jump starter, air&#8230;<\/p>","protected":false},"featured_media":13284,"comment_status":"open","ping_status":"closed","template":"","meta":{"_acf_changed":false},"etheme_brands":[],"product_brand":[],"product_cat":[128,118],"product_tag":[],"class_list":{"0":"post-13281","1":"product","2":"type-product","3":"status-publish","4":"has-post-thumbnail","6":"product_cat-128","7":"product_cat-sale-shop","9":"first","10":"instock","11":"sale","12":"shipping-taxable","13":"purchasable","14":"product-type-variable","15":"has-default-attributes","16":"wvs-archive-product-wrapper"},"acf":[],"_links":{"self":[{"href":"https:\/\/shopuniquely.shop\/es\/wp-json\/wp\/v2\/product\/13281","targetHints":{"allow":["GET"]}}],"collection":[{"href":"https:\/\/shopuniquely.shop\/es\/wp-json\/wp\/v2\/product"}],"about":[{"href":"https:\/\/shopuniquely.shop\/es\/wp-json\/wp\/v2\/types\/product"}],"replies":[{"embeddable":true,"href":"https:\/\/shopuniquely.shop\/es\/wp-json\/wp\/v2\/comments?post=13281"}],"version-history":[{"count":1,"href":"https:\/\/shopuniquely.shop\/es\/wp-json\/wp\/v2\/product\/13281\/revisions"}],"predecessor-version":[{"id":13285,"href":"https:\/\/shopuniquely.shop\/es\/wp-json\/wp\/v2\/product\/13281\/revisions\/13285"}],"wp:featuredmedia":[{"embeddable":true,"href":"https:\/\/shopuniquely.shop\/es\/wp-json\/wp\/v2\/media\/13284"}],"wp:attachment":[{"href":"https:\/\/shopuniquely.shop\/es\/wp-json\/wp\/v2\/media?parent=13281"}],"wp:term":[{"taxonomy":"brand","embeddable":true,"href":"https:\/\/shopuniquely.shop\/es\/wp-json\/wp\/v2\/etheme_brands?post=13281"},{"taxonomy":"product_brand","embeddable":true,"href":"https:\/\/shopuniquely.shop\/es\/wp-json\/wp\/v2\/product_brand?post=13281"},{"taxonomy":"product_cat","embeddable":true,"href":"https:\/\/shopuniquely.shop\/es\/wp-json\/wp\/v2\/product_cat?post=13281"},{"taxonomy":"product_tag","embeddable":true,"href":"https:\/\/shopuniquely.shop\/es\/wp-json\/wp\/v2\/product_tag?post=13281"}],"curies":[{"name":"wp","href":"https:\/\/api.w.org\/{rel}","templated":true}]}}